{"id":236,"date":"2014-10-07T23:34:15","date_gmt":"2014-10-07T21:34:15","guid":{"rendered":"http:\/\/www.innenausbau-schneider.at\/cms\/?page_id=236"},"modified":"2014-11-10T22:38:26","modified_gmt":"2014-11-10T20:38:26","slug":"tueren","status":"publish","type":"page","link":"http:\/\/www.innenausbau-schneider.at\/cms\/?page_id=236","title":{"rendered":"T\u00fcren"},"content":{"rendered":"<p style=\"text-align: justify;\">Die Eigenproduktion von T\u00fcren wird immer mehr von der industriellen Serienherstellung abgel\u00f6st. Wir geh\u00f6ren zu den wenigen Betrieben, die den Rohstoff Holz noch individuell verarbeiten.<\/p>\n<p style=\"text-align: justify;\"><span style=\"color: #ffffff;\">&#8211;<\/span><\/p>\n<h1 style=\"text-align: justify;\">T\u00fcren im Au\u00dfenbereich<\/h1>\n<p style=\"text-align: justify;\">Um dem heutigen Standard gerecht zu werden, sind unsere Produkte mit Isolierverglasungen ausgestattet. Somit ist es und m\u00f6glich einen geringen U-Wert zu garantieren und folglich Heizkosten zu sparen.<\/p>\n<p style=\"text-align: justify;\"><span style=\"color: #ffffff;\">&#8211;<\/span><\/p>\n<h1 style=\"text-align: justify;\">T\u00fcren im Innenbereich<\/h1>\n<p style=\"text-align: justify;\">Die T\u00fcr ist ein wichtiges optisches Gestaltungselement f\u00fcr jeden Raum. Wir stellen qualitativ hochwertige T\u00fcren f\u00fcr den privaten und \u00f6ffentlichen Bereich her. Mit Stolz d\u00fcrfen wir behaupten, dass wir autorisierte Partner f\u00fcr Europas Fluchtt\u00fcrensysteme lt. den Richtlinien EN179 und EN1125 sind.<\/p>\n<p style=\"text-align: justify;\"><span style=\"color: #ffffff;\">&#8211;<\/span><\/p>\n<h1 style=\"text-align: justify;\">Holzbrandschutzt\u00fcren<\/h1>\n<p style=\"text-align: justify;\">Brandschutzt\u00fcren mussen nicht immer schlicht und metallisch sein. Dank der autorisierten Lizenznahme, d\u00fcrfen wir Brandschutzt\u00fcren aus Holz in T30 Ausf\u00fchrung produzieren. Daf\u00fcr steht das \u00dcA-Siegel. Egal ob aus Holz, mit oder ohne Glasausschnitt, sowie mit oder ohne verglasten Oberlichten, Seitenteilen und Intarsien &#8211; alle Variationen sind m\u00f6glich.<\/p>\n<p style=\"text-align: justify;\"><span style=\"color: #ffffff;\">&#8211;<\/span><\/p>\n<blockquote>\n<p style=\"text-align: justify;\">Mit unseren T\u00fcren \u00f6ffnen Sie ihre Pforten f\u00fcr alle G\u00e4ste<\/p>\n<\/blockquote>","protected":false},"excerpt":{"rendered":"<p>Die Eigenproduktion von T\u00fcren wird immer mehr von der industriellen Serienherstellung abgel\u00f6st. Wir geh\u00f6ren zu den wenigen Betrieben, die den Rohstoff Holz noch individuell verarbeiten. &#8211; T\u00fcren im Au\u00dfenbereich Um dem heutigen Standard gerecht zu werden, sind unsere Produkte mit Isolierverglasungen ausgestattet. Somit ist es und m\u00f6glich einen geringen U-Wert zu garantieren und folglich Heizkosten [&hellip;]<\/p>","protected":false},"author":1,"featured_media":0,"parent":57,"menu_order":0,"comment_status":"open","ping_status":"open","template":"home-panels.php","meta":{"footnotes":""},"yoast_head":"<!-- This site is optimized with the Yoast SEO plugin v22.2 - https:\/\/yoast.com\/wordpress\/plugins\/seo\/ -->\n<title>T\u00fcren | Tischlerei Anton Schneider<\/title>\n<meta name=\"robots\" content=\"index, follow, max-snippet:-1, max-image-preview:large, max-video-preview:-1\" \/>\n<link rel=\"canonical\" href=\"https:\/\/www.innenausbau-schneider.at\/cms\/?page_id=236\" \/>\n<meta property=\"og:locale\" content=\"de_DE\" \/>\n<meta property=\"og:type\" content=\"article\" \/>\n<meta property=\"og:title\" content=\"T\u00fcren | Tischlerei Anton Schneider\" \/>\n<meta property=\"og:description\" content=\"Die Eigenproduktion von T\u00fcren wird immer mehr von der industriellen Serienherstellung abgel\u00f6st. Wir geh\u00f6ren zu den wenigen Betrieben, die den Rohstoff Holz noch individuell verarbeiten. &#8211; T\u00fcren im Au\u00dfenbereich Um dem heutigen Standard gerecht zu werden, sind unsere Produkte mit Isolierverglasungen ausgestattet. Somit ist es und m\u00f6glich einen geringen U-Wert zu garantieren und folglich Heizkosten [&hellip;]\" \/>\n<meta property=\"og:url\" content=\"https:\/\/www.innenausbau-schneider.at\/cms\/?page_id=236\" \/>\n<meta property=\"og:site_name\" content=\"Tischlerei Anton Schneider\" \/>\n<meta property=\"article:modified_time\" content=\"2014-11-10T20:38:26+00:00\" \/>\n<meta name=\"twitter:label1\" content=\"Gesch\u00e4tzte Lesezeit\" \/>\n\t<meta name=\"twitter:data1\" content=\"1 Minute\" \/>\n<script type=\"application\/ld+json\" class=\"yoast-schema-graph\">{\"@context\":\"https:\/\/schema.org\",\"@graph\":[{\"@type\":\"WebPage\",\"@id\":\"https:\/\/www.innenausbau-schneider.at\/cms\/?page_id=236\",\"url\":\"https:\/\/www.innenausbau-schneider.at\/cms\/?page_id=236\",\"name\":\"T\u00fcren | Tischlerei Anton Schneider\",\"isPartOf\":{\"@id\":\"http:\/\/www.innenausbau-schneider.at\/cms\/#website\"},\"datePublished\":\"2014-10-07T21:34:15+00:00\",\"dateModified\":\"2014-11-10T20:38:26+00:00\",\"breadcrumb\":{\"@id\":\"https:\/\/www.innenausbau-schneider.at\/cms\/?page_id=236#breadcrumb\"},\"inLanguage\":\"de-DE\",\"potentialAction\":[{\"@type\":\"ReadAction\",\"target\":[\"https:\/\/www.innenausbau-schneider.at\/cms\/?page_id=236\"]}]},{\"@type\":\"BreadcrumbList\",\"@id\":\"https:\/\/www.innenausbau-schneider.at\/cms\/?page_id=236#breadcrumb\",\"itemListElement\":[{\"@type\":\"ListItem\",\"position\":1,\"name\":\"Home\",\"item\":\"http:\/\/www.innenausbau-schneider.at\/cms\/\"},{\"@type\":\"ListItem\",\"position\":2,\"name\":\"Leistungen\",\"item\":\"http:\/\/www.innenausbau-schneider.at\/cms\/?page_id=57\"},{\"@type\":\"ListItem\",\"position\":3,\"name\":\"T\u00fcren\"}]},{\"@type\":\"WebSite\",\"@id\":\"http:\/\/www.innenausbau-schneider.at\/cms\/#website\",\"url\":\"http:\/\/www.innenausbau-schneider.at\/cms\/\",\"name\":\"Tischlerei Anton Schneider\",\"description\":\"Das Alpbacher K&Atilde;&frac14;chenstudio\",\"potentialAction\":[{\"@type\":\"SearchAction\",\"target\":{\"@type\":\"EntryPoint\",\"urlTemplate\":\"http:\/\/www.innenausbau-schneider.at\/cms\/?s={search_term_string}\"},\"query-input\":\"required name=search_term_string\"}],\"inLanguage\":\"de-DE\"}]}<\/script>\n<!-- \/ Yoast SEO plugin. -->","yoast_head_json":{"title":"T\u00fcren | Tischlerei Anton Schneider","robots":{"index":"index","follow":"follow","max-snippet":"max-snippet:-1","max-image-preview":"max-image-preview:large","max-video-preview":"max-video-preview:-1"},"canonical":"https:\/\/www.innenausbau-schneider.at\/cms\/?page_id=236","og_locale":"de_DE","og_type":"article","og_title":"T\u00fcren | Tischlerei Anton Schneider","og_description":"Die Eigenproduktion von T\u00fcren wird immer mehr von der industriellen Serienherstellung abgel\u00f6st. Wir geh\u00f6ren zu den wenigen Betrieben, die den Rohstoff Holz noch individuell verarbeiten. &#8211; T\u00fcren im Au\u00dfenbereich Um dem heutigen Standard gerecht zu werden, sind unsere Produkte mit Isolierverglasungen ausgestattet. Somit ist es und m\u00f6glich einen geringen U-Wert zu garantieren und folglich Heizkosten [&hellip;]","og_url":"https:\/\/www.innenausbau-schneider.at\/cms\/?page_id=236","og_site_name":"Tischlerei Anton Schneider","article_modified_time":"2014-11-10T20:38:26+00:00","twitter_misc":{"Gesch\u00e4tzte Lesezeit":"1 Minute"},"schema":{"@context":"https:\/\/schema.org","@graph":[{"@type":"WebPage","@id":"https:\/\/www.innenausbau-schneider.at\/cms\/?page_id=236","url":"https:\/\/www.innenausbau-schneider.at\/cms\/?page_id=236","name":"T\u00fcren | Tischlerei Anton Schneider","isPartOf":{"@id":"http:\/\/www.innenausbau-schneider.at\/cms\/#website"},"datePublished":"2014-10-07T21:34:15+00:00","dateModified":"2014-11-10T20:38:26+00:00","breadcrumb":{"@id":"https:\/\/www.innenausbau-schneider.at\/cms\/?page_id=236#breadcrumb"},"inLanguage":"de-DE","potentialAction":[{"@type":"ReadAction","target":["https:\/\/www.innenausbau-schneider.at\/cms\/?page_id=236"]}]},{"@type":"BreadcrumbList","@id":"https:\/\/www.innenausbau-schneider.at\/cms\/?page_id=236#breadcrumb","itemListElement":[{"@type":"ListItem","position":1,"name":"Home","item":"http:\/\/www.innenausbau-schneider.at\/cms\/"},{"@type":"ListItem","position":2,"name":"Leistungen","item":"http:\/\/www.innenausbau-schneider.at\/cms\/?page_id=57"},{"@type":"ListItem","position":3,"name":"T\u00fcren"}]},{"@type":"WebSite","@id":"http:\/\/www.innenausbau-schneider.at\/cms\/#website","url":"http:\/\/www.innenausbau-schneider.at\/cms\/","name":"Tischlerei Anton Schneider","description":"Das Alpbacher K&Atilde;&frac14;chenstudio","potentialAction":[{"@type":"SearchAction","target":{"@type":"EntryPoint","urlTemplate":"http:\/\/www.innenausbau-schneider.at\/cms\/?s={search_term_string}"},"query-input":"required name=search_term_string"}],"inLanguage":"de-DE"}]}},"_links":{"self":[{"href":"http:\/\/www.innenausbau-schneider.at\/cms\/index.php?rest_route=\/wp\/v2\/pages\/236"}],"collection":[{"href":"http:\/\/www.innenausbau-schneider.at\/cms\/index.php?rest_route=\/wp\/v2\/pages"}],"about":[{"href":"http:\/\/www.innenausbau-schneider.at\/cms\/index.php?rest_route=\/wp\/v2\/types\/page"}],"author":[{"embeddable":true,"href":"http:\/\/www.innenausbau-schneider.at\/cms\/index.php?rest_route=\/wp\/v2\/users\/1"}],"replies":[{"embeddable":true,"href":"http:\/\/www.innenausbau-schneider.at\/cms\/index.php?rest_route=%2Fwp%2Fv2%2Fcomments&post=236"}],"version-history":[{"count":5,"href":"http:\/\/www.innenausbau-schneider.at\/cms\/index.php?rest_route=\/wp\/v2\/pages\/236\/revisions"}],"predecessor-version":[{"id":330,"href":"http:\/\/www.innenausbau-schneider.at\/cms\/index.php?rest_route=\/wp\/v2\/pages\/236\/revisions\/330"}],"up":[{"embeddable":true,"href":"http:\/\/www.innenausbau-schneider.at\/cms\/index.php?rest_route=\/wp\/v2\/pages\/57"}],"wp:attachment":[{"href":"http:\/\/www.innenausbau-schneider.at\/cms\/index.php?rest_route=%2Fwp%2Fv2%2Fmedia&parent=236"}],"curies":[{"name":"wp","href":"https:\/\/api.w.org\/{rel}","templated":true}]}}