{"id":36,"date":"2014-10-03T16:21:02","date_gmt":"2014-10-03T14:21:02","guid":{"rendered":"http:\/\/www.innenausbau-schneider.at\/cms\/?page_id=36"},"modified":"2014-11-10T22:41:47","modified_gmt":"2014-11-10T20:41:47","slug":"geschichte","status":"publish","type":"page","link":"http:\/\/www.innenausbau-schneider.at\/cms\/?page_id=36","title":{"rendered":"Geschichte"},"content":{"rendered":"<h1 style=\"text-align: justify;\">Der Beginn<a href=\"http:\/\/www.innenausbau-schneider.at\/cms\/wp-content\/uploads\/2014\/10\/geschichte.jpg\"><img loading=\"lazy\" decoding=\"async\" class=\"alignright wp-image-107 size-full\" src=\"http:\/\/www.innenausbau-schneider.at\/cms\/wp-content\/uploads\/2014\/10\/geschichte.jpg\" alt=\"Gr\u00fcnder Anton\" width=\"225\" height=\"300\" srcset=\"http:\/\/www.innenausbau-schneider.at\/cms\/wp-content\/uploads\/2014\/10\/geschichte.jpg 225w, http:\/\/www.innenausbau-schneider.at\/cms\/wp-content\/uploads\/2014\/10\/geschichte-85x114.jpg 85w, http:\/\/www.innenausbau-schneider.at\/cms\/wp-content\/uploads\/2014\/10\/geschichte-111x148.jpg 111w, http:\/\/www.innenausbau-schneider.at\/cms\/wp-content\/uploads\/2014\/10\/geschichte-23x31.jpg 23w, http:\/\/www.innenausbau-schneider.at\/cms\/wp-content\/uploads\/2014\/10\/geschichte-28x38.jpg 28w, http:\/\/www.innenausbau-schneider.at\/cms\/wp-content\/uploads\/2014\/10\/geschichte-161x215.jpg 161w\" sizes=\"(max-width: 225px) 100vw, 225px\" \/><\/a><\/h1>\n<p style=\"text-align: justify;\">Bereits im Jahr 1936 wurde der Tischlerbetrieb von Anton Schneider Senior gegr\u00fcndet. Durch sein handwerkliches Geschick leitet dieser den Betrieb bis ins Jahr 1964, wo er ihn an seinen Sohn Anton Schneider Junior \u00fcbergab. Die alte Kunst des Tischlerhandwerks wurde weiter ausgef\u00fchrt und bald musste die kleine private Tischlerei, welche aus einer &#8222;Hobbywerkstatt&#8220; entstand, einem neuen und gr\u00f6\u00dferen Fertigungsstandpunkt weichen.<\/p>\n<p style=\"text-align: justify;\"><span style=\"color: #ffffff;\">&#8211;<\/span><\/p>\n<h1 style=\"text-align: justify;\">Und heute ?<\/h1>\n<p style=\"text-align: justify;\">Seit dem 01. J\u00e4nner 2002 ist der Betrieb unter der Leitung von Werner Anton Schneider. Bereits in seiner Kindheit fand er heraus, dass das Tischlerhandwerk sein Leben ist und hat somit beschlossen, seine Ausbildung danach zu richten. Von 1978 &#8211; 1982 besuchte er die Fachschule f\u00fcr Tischlerei und Raumgestaltung in Innsbruck. Bereits nach f\u00fcnf Jahren einschl\u00e4giger Berufserfahrung im Jahre 1987 schloss dieser die Meisterpr\u00fcfung mit Erfolg ab.<\/p>\n<p style=\"text-align: justify;\"><span style=\"color: #ffffff;\">&#8211;<\/span><\/p>\n<blockquote>\n<p style=\"text-align: justify;\">Garantierte Qualit\u00e4t durch jahrzehnte angeeignetes Know-How<\/p>\n<\/blockquote>\n<p>&nbsp;<\/p>","protected":false},"excerpt":{"rendered":"<p>Der Beginn Bereits im Jahr 1936 wurde der Tischlerbetrieb von Anton Schneider Senior gegr\u00fcndet. Durch sein handwerkliches Geschick leitet dieser den Betrieb bis ins Jahr 1964, wo er ihn an seinen Sohn Anton Schneider Junior \u00fcbergab. Die alte Kunst des Tischlerhandwerks wurde weiter ausgef\u00fchrt und bald musste die kleine private Tischlerei, welche aus einer &#8222;Hobbywerkstatt&#8220; [&hellip;]<\/p>","protected":false},"author":1,"featured_media":0,"parent":23,"menu_order":0,"comment_status":"open","ping_status":"open","template":"home-panels.php","meta":{"footnotes":""},"yoast_head":"<!-- This site is optimized with the Yoast SEO plugin v22.2 - https:\/\/yoast.com\/wordpress\/plugins\/seo\/ -->\n<title>Geschichte | Tischlerei Anton Schneider<\/title>\n<meta name=\"robots\" content=\"index, follow, max-snippet:-1, max-image-preview:large, max-video-preview:-1\" \/>\n<link rel=\"canonical\" href=\"http:\/\/www.innenausbau-schneider.at\/cms\/?page_id=36\" \/>\n<meta property=\"og:locale\" content=\"de_DE\" \/>\n<meta property=\"og:type\" content=\"article\" \/>\n<meta property=\"og:title\" content=\"Geschichte | Tischlerei Anton Schneider\" \/>\n<meta property=\"og:description\" content=\"Der Beginn Bereits im Jahr 1936 wurde der Tischlerbetrieb von Anton Schneider Senior gegr\u00fcndet. Durch sein handwerkliches Geschick leitet dieser den Betrieb bis ins Jahr 1964, wo er ihn an seinen Sohn Anton Schneider Junior \u00fcbergab. Die alte Kunst des Tischlerhandwerks wurde weiter ausgef\u00fchrt und bald musste die kleine private Tischlerei, welche aus einer &#8222;Hobbywerkstatt&#8220; [&hellip;]\" \/>\n<meta property=\"og:url\" content=\"http:\/\/www.innenausbau-schneider.at\/cms\/?page_id=36\" \/>\n<meta property=\"og:site_name\" content=\"Tischlerei Anton Schneider\" \/>\n<meta property=\"article:modified_time\" content=\"2014-11-10T20:41:47+00:00\" \/>\n<meta property=\"og:image\" content=\"http:\/\/www.innenausbau-schneider.at\/cms\/wp-content\/uploads\/2014\/10\/geschichte.jpg\" \/>\n<meta name=\"twitter:label1\" content=\"Gesch\u00e4tzte Lesezeit\" \/>\n\t<meta name=\"twitter:data1\" content=\"1 Minute\" \/>\n<script type=\"application\/ld+json\" class=\"yoast-schema-graph\">{\"@context\":\"https:\/\/schema.org\",\"@graph\":[{\"@type\":\"WebPage\",\"@id\":\"http:\/\/www.innenausbau-schneider.at\/cms\/?page_id=36\",\"url\":\"http:\/\/www.innenausbau-schneider.at\/cms\/?page_id=36\",\"name\":\"Geschichte | Tischlerei Anton Schneider\",\"isPartOf\":{\"@id\":\"https:\/\/www.innenausbau-schneider.at\/cms\/#website\"},\"primaryImageOfPage\":{\"@id\":\"http:\/\/www.innenausbau-schneider.at\/cms\/?page_id=36#primaryimage\"},\"image\":{\"@id\":\"http:\/\/www.innenausbau-schneider.at\/cms\/?page_id=36#primaryimage\"},\"thumbnailUrl\":\"http:\/\/www.innenausbau-schneider.at\/cms\/wp-content\/uploads\/2014\/10\/geschichte.jpg\",\"datePublished\":\"2014-10-03T14:21:02+00:00\",\"dateModified\":\"2014-11-10T20:41:47+00:00\",\"breadcrumb\":{\"@id\":\"http:\/\/www.innenausbau-schneider.at\/cms\/?page_id=36#breadcrumb\"},\"inLanguage\":\"de-DE\",\"potentialAction\":[{\"@type\":\"ReadAction\",\"target\":[\"http:\/\/www.innenausbau-schneider.at\/cms\/?page_id=36\"]}]},{\"@type\":\"ImageObject\",\"inLanguage\":\"de-DE\",\"@id\":\"http:\/\/www.innenausbau-schneider.at\/cms\/?page_id=36#primaryimage\",\"url\":\"http:\/\/www.innenausbau-schneider.at\/cms\/wp-content\/uploads\/2014\/10\/geschichte.jpg\",\"contentUrl\":\"http:\/\/www.innenausbau-schneider.at\/cms\/wp-content\/uploads\/2014\/10\/geschichte.jpg\",\"width\":225,\"height\":300},{\"@type\":\"BreadcrumbList\",\"@id\":\"http:\/\/www.innenausbau-schneider.at\/cms\/?page_id=36#breadcrumb\",\"itemListElement\":[{\"@type\":\"ListItem\",\"position\":1,\"name\":\"Home\",\"item\":\"https:\/\/www.innenausbau-schneider.at\/cms\/\"},{\"@type\":\"ListItem\",\"position\":2,\"name\":\"Unternehmen\",\"item\":\"https:\/\/www.innenausbau-schneider.at\/cms\/?page_id=23\"},{\"@type\":\"ListItem\",\"position\":3,\"name\":\"Geschichte\"}]},{\"@type\":\"WebSite\",\"@id\":\"https:\/\/www.innenausbau-schneider.at\/cms\/#website\",\"url\":\"https:\/\/www.innenausbau-schneider.at\/cms\/\",\"name\":\"Tischlerei Anton Schneider\",\"description\":\"Das Alpbacher K&Atilde;&frac14;chenstudio\",\"potentialAction\":[{\"@type\":\"SearchAction\",\"target\":{\"@type\":\"EntryPoint\",\"urlTemplate\":\"https:\/\/www.innenausbau-schneider.at\/cms\/?s={search_term_string}\"},\"query-input\":\"required name=search_term_string\"}],\"inLanguage\":\"de-DE\"}]}<\/script>\n<!-- \/ Yoast SEO plugin. -->","yoast_head_json":{"title":"Geschichte | Tischlerei Anton Schneider","robots":{"index":"index","follow":"follow","max-snippet":"max-snippet:-1","max-image-preview":"max-image-preview:large","max-video-preview":"max-video-preview:-1"},"canonical":"http:\/\/www.innenausbau-schneider.at\/cms\/?page_id=36","og_locale":"de_DE","og_type":"article","og_title":"Geschichte | Tischlerei Anton Schneider","og_description":"Der Beginn Bereits im Jahr 1936 wurde der Tischlerbetrieb von Anton Schneider Senior gegr\u00fcndet. Durch sein handwerkliches Geschick leitet dieser den Betrieb bis ins Jahr 1964, wo er ihn an seinen Sohn Anton Schneider Junior \u00fcbergab. Die alte Kunst des Tischlerhandwerks wurde weiter ausgef\u00fchrt und bald musste die kleine private Tischlerei, welche aus einer &#8222;Hobbywerkstatt&#8220; [&hellip;]","og_url":"http:\/\/www.innenausbau-schneider.at\/cms\/?page_id=36","og_site_name":"Tischlerei Anton Schneider","article_modified_time":"2014-11-10T20:41:47+00:00","og_image":[{"url":"http:\/\/www.innenausbau-schneider.at\/cms\/wp-content\/uploads\/2014\/10\/geschichte.jpg"}],"twitter_misc":{"Gesch\u00e4tzte Lesezeit":"1 Minute"},"schema":{"@context":"https:\/\/schema.org","@graph":[{"@type":"WebPage","@id":"http:\/\/www.innenausbau-schneider.at\/cms\/?page_id=36","url":"http:\/\/www.innenausbau-schneider.at\/cms\/?page_id=36","name":"Geschichte | Tischlerei Anton Schneider","isPartOf":{"@id":"https:\/\/www.innenausbau-schneider.at\/cms\/#website"},"primaryImageOfPage":{"@id":"http:\/\/www.innenausbau-schneider.at\/cms\/?page_id=36#primaryimage"},"image":{"@id":"http:\/\/www.innenausbau-schneider.at\/cms\/?page_id=36#primaryimage"},"thumbnailUrl":"http:\/\/www.innenausbau-schneider.at\/cms\/wp-content\/uploads\/2014\/10\/geschichte.jpg","datePublished":"2014-10-03T14:21:02+00:00","dateModified":"2014-11-10T20:41:47+00:00","breadcrumb":{"@id":"http:\/\/www.innenausbau-schneider.at\/cms\/?page_id=36#breadcrumb"},"inLanguage":"de-DE","potentialAction":[{"@type":"ReadAction","target":["http:\/\/www.innenausbau-schneider.at\/cms\/?page_id=36"]}]},{"@type":"ImageObject","inLanguage":"de-DE","@id":"http:\/\/www.innenausbau-schneider.at\/cms\/?page_id=36#primaryimage","url":"http:\/\/www.innenausbau-schneider.at\/cms\/wp-content\/uploads\/2014\/10\/geschichte.jpg","contentUrl":"http:\/\/www.innenausbau-schneider.at\/cms\/wp-content\/uploads\/2014\/10\/geschichte.jpg","width":225,"height":300},{"@type":"BreadcrumbList","@id":"http:\/\/www.innenausbau-schneider.at\/cms\/?page_id=36#breadcrumb","itemListElement":[{"@type":"ListItem","position":1,"name":"Home","item":"https:\/\/www.innenausbau-schneider.at\/cms\/"},{"@type":"ListItem","position":2,"name":"Unternehmen","item":"https:\/\/www.innenausbau-schneider.at\/cms\/?page_id=23"},{"@type":"ListItem","position":3,"name":"Geschichte"}]},{"@type":"WebSite","@id":"https:\/\/www.innenausbau-schneider.at\/cms\/#website","url":"https:\/\/www.innenausbau-schneider.at\/cms\/","name":"Tischlerei Anton Schneider","description":"Das Alpbacher K&Atilde;&frac14;chenstudio","potentialAction":[{"@type":"SearchAction","target":{"@type":"EntryPoint","urlTemplate":"https:\/\/www.innenausbau-schneider.at\/cms\/?s={search_term_string}"},"query-input":"required name=search_term_string"}],"inLanguage":"de-DE"}]}},"_links":{"self":[{"href":"http:\/\/www.innenausbau-schneider.at\/cms\/index.php?rest_route=\/wp\/v2\/pages\/36"}],"collection":[{"href":"http:\/\/www.innenausbau-schneider.at\/cms\/index.php?rest_route=\/wp\/v2\/pages"}],"about":[{"href":"http:\/\/www.innenausbau-schneider.at\/cms\/index.php?rest_route=\/wp\/v2\/types\/page"}],"author":[{"embeddable":true,"href":"http:\/\/www.innenausbau-schneider.at\/cms\/index.php?rest_route=\/wp\/v2\/users\/1"}],"replies":[{"embeddable":true,"href":"http:\/\/www.innenausbau-schneider.at\/cms\/index.php?rest_route=%2Fwp%2Fv2%2Fcomments&post=36"}],"version-history":[{"count":12,"href":"http:\/\/www.innenausbau-schneider.at\/cms\/index.php?rest_route=\/wp\/v2\/pages\/36\/revisions"}],"predecessor-version":[{"id":335,"href":"http:\/\/www.innenausbau-schneider.at\/cms\/index.php?rest_route=\/wp\/v2\/pages\/36\/revisions\/335"}],"up":[{"embeddable":true,"href":"http:\/\/www.innenausbau-schneider.at\/cms\/index.php?rest_route=\/wp\/v2\/pages\/23"}],"wp:attachment":[{"href":"http:\/\/www.innenausbau-schneider.at\/cms\/index.php?rest_route=%2Fwp%2Fv2%2Fmedia&parent=36"}],"curies":[{"name":"wp","href":"https:\/\/api.w.org\/{rel}","templated":true}]}}