{"id":517,"date":"2014-10-22T20:10:54","date_gmt":"2014-10-22T18:10:54","guid":{"rendered":"http:\/\/www.innenausbau-schneider.at\/cms\/?page_id=517"},"modified":"2014-11-10T22:38:57","modified_gmt":"2014-11-10T20:38:57","slug":"fussboeden","status":"publish","type":"page","link":"http:\/\/www.innenausbau-schneider.at\/cms\/?page_id=517","title":{"rendered":"Fu\u00dfb\u00f6den"},"content":{"rendered":"<p style=\"text-align: justify;\">Die Basis eines jeden Raumes mit Atmosph\u00e4re &#8211; der Fu\u00dfboden.<\/p>\n<p style=\"text-align: justify;\">Besonders empfehlenswert sind Fu\u00dfboden mit Wohnkork. Sie geben dem Raum nicht nur Atmosph\u00e4re, sondern sorgen zudem auch noch f\u00fcr ein gesundes und behagliches Wohnklima. Und dank der Vinyloberfl\u00e4che ist dieser Boden auch noch sehr strapazierf\u00e4hig, in vielen Mustern und Farben erh\u00e4ltlich, langlebig, pflegeleicht, wirkt nat\u00fcrlich und ist f\u00fcr Jedermann erschwinglich.<\/p>\n<p style=\"text-align: justify;\">All diese Vorteile werden von unseren Fu\u00dfb\u00f6den vereint. Wir informieren Sie gerne n\u00e4he bei einem pers\u00f6nlichen Gespr\u00e4ch.<\/p>\n<blockquote>\n<p style=\"text-align: justify;\">Von uns den richtigen Fu\u00dfboden f\u00fcr jeden Raum<\/p>\n<\/blockquote>\n<h1 style=\"text-align: justify;\">Galerie<\/h1>\n\n\t<style type=\"text\/css\">\n\t\t\t\t\t#gallery-0 {\n\t\t\t\t\t\tmargin: auto;\n\t\t\t\t\t}\n\t\t\t\t\t#gallery-0 .gallery-item {\n\t\t\t\t\t\tfloat: left;\n\t\t\t\t\t\tmargin-top: 10px;\n\t\t\t\t\t\ttext-align: center;\n\t\t\t\t\t\twidth: 32%;\n\t\t\t\t\t}\n\t\t\t\t\t#gallery-0 img {\n\t\t\t\t\t\tborder: 2px solid #cfcfcf;\n\t\t\t\t\t}\n\t\t\t\t\t#gallery-0 .gallery-caption {\n\t\t\t\t\t\tmargin-left: 0;\n\t\t\t\t\t}\n\t<\/style>\n<script type=\"text\/javascript\">\n$(document).ready(function() {\n\t\/*\n\t *  Simple image gallery. Uses default settings\n\t *\/\n\n\t$(\".fancybox\").fancybox({\n\t\t\"transitionIn\"\t\t: \"none\",\n\t\t\"transitionOut\"\t\t: \"none\",\n\t\t\"titlePosition\" \t: \"over\"\n\n\t});\n});\n<\/script>\n\n\t<div id=\"gallery-0\" class=\"gallery galleryid-0 gallery-size-thumbnail\"><dl class=\"gallery-item\"><dt class=\"gallery-icon\">\n\t\t\t\t\t\t<a class=\"fancybox\" href=\"http:\/\/www.innenausbau-schneider.at\/cms\/wp-content\/uploads\/2014\/10\/boden3.jpg\" rel=\"gallery-0\"><img loading=\"lazy\" decoding=\"async\" width=\"150\" height=\"150\" class=\"attachment-thumbnail\" alt=\"\" src=\"http:\/\/www.innenausbau-schneider.at\/cms\/wp-content\/uploads\/2014\/10\/boden3-150x150.jpg\" \/><\/a><\/dt><\/dl>\n\n<dl class=\"gallery-item\"><dt class=\"gallery-icon\">\n\t\t\t\t\t\t<a class=\"fancybox\" href=\"http:\/\/www.innenausbau-schneider.at\/cms\/wp-content\/uploads\/2014\/10\/boden2.jpg\" rel=\"gallery-0\"><img loading=\"lazy\" decoding=\"async\" width=\"150\" height=\"150\" class=\"attachment-thumbnail\" alt=\"\" src=\"http:\/\/www.innenausbau-schneider.at\/cms\/wp-content\/uploads\/2014\/10\/boden2-150x150.jpg\" \/><\/a><\/dt><\/dl>\n\n<dl class=\"gallery-item\"><dt class=\"gallery-icon\">\n\t\t\t\t\t\t<a class=\"fancybox\" href=\"http:\/\/www.innenausbau-schneider.at\/cms\/wp-content\/uploads\/2014\/10\/boden1.jpg\" rel=\"gallery-0\"><img loading=\"lazy\" decoding=\"async\" width=\"150\" height=\"150\" class=\"attachment-thumbnail\" alt=\"\" src=\"http:\/\/www.innenausbau-schneider.at\/cms\/wp-content\/uploads\/2014\/10\/boden1-150x150.jpg\" \/><\/a><\/dt><\/dl>\n\n<\/div><br clear=\"all\" \/>","protected":false},"excerpt":{"rendered":"<p>Die Basis eines jeden Raumes mit Atmosph\u00e4re &#8211; der Fu\u00dfboden. Besonders empfehlenswert sind Fu\u00dfboden mit Wohnkork. Sie geben dem Raum nicht nur Atmosph\u00e4re, sondern sorgen zudem auch noch f\u00fcr ein gesundes und behagliches Wohnklima. Und dank der Vinyloberfl\u00e4che ist dieser Boden auch noch sehr strapazierf\u00e4hig, in vielen Mustern und Farben erh\u00e4ltlich, langlebig, pflegeleicht, wirkt nat\u00fcrlich [&hellip;]<\/p>","protected":false},"author":1,"featured_media":0,"parent":57,"menu_order":0,"comment_status":"open","ping_status":"open","template":"home-panels.php","meta":{"footnotes":""},"yoast_head":"<!-- This site is optimized with the Yoast SEO plugin v22.2 - https:\/\/yoast.com\/wordpress\/plugins\/seo\/ -->\n<title>Fu\u00dfb\u00f6den | Tischlerei Anton Schneider<\/title>\n<meta name=\"robots\" content=\"index, follow, max-snippet:-1, max-image-preview:large, max-video-preview:-1\" \/>\n<link rel=\"canonical\" href=\"https:\/\/www.innenausbau-schneider.at\/cms\/?page_id=517\" \/>\n<meta property=\"og:locale\" content=\"de_DE\" \/>\n<meta property=\"og:type\" content=\"article\" \/>\n<meta property=\"og:title\" content=\"Fu\u00dfb\u00f6den | Tischlerei Anton Schneider\" \/>\n<meta property=\"og:description\" content=\"Die Basis eines jeden Raumes mit Atmosph\u00e4re &#8211; der Fu\u00dfboden. Besonders empfehlenswert sind Fu\u00dfboden mit Wohnkork. Sie geben dem Raum nicht nur Atmosph\u00e4re, sondern sorgen zudem auch noch f\u00fcr ein gesundes und behagliches Wohnklima. Und dank der Vinyloberfl\u00e4che ist dieser Boden auch noch sehr strapazierf\u00e4hig, in vielen Mustern und Farben erh\u00e4ltlich, langlebig, pflegeleicht, wirkt nat\u00fcrlich [&hellip;]\" \/>\n<meta property=\"og:url\" content=\"https:\/\/www.innenausbau-schneider.at\/cms\/?page_id=517\" \/>\n<meta property=\"og:site_name\" content=\"Tischlerei Anton Schneider\" \/>\n<meta property=\"article:modified_time\" content=\"2014-11-10T20:38:57+00:00\" \/>\n<meta property=\"og:image\" content=\"https:\/\/www.innenausbau-schneider.at\/cms\/wp-content\/uploads\/2014\/10\/boden3-150x150.jpg\" \/>\n<meta name=\"twitter:label1\" content=\"Gesch\u00e4tzte Lesezeit\" \/>\n\t<meta name=\"twitter:data1\" content=\"1 Minute\" \/>\n<script type=\"application\/ld+json\" class=\"yoast-schema-graph\">{\"@context\":\"https:\/\/schema.org\",\"@graph\":[{\"@type\":\"WebPage\",\"@id\":\"https:\/\/www.innenausbau-schneider.at\/cms\/?page_id=517\",\"url\":\"https:\/\/www.innenausbau-schneider.at\/cms\/?page_id=517\",\"name\":\"Fu\u00dfb\u00f6den | Tischlerei Anton Schneider\",\"isPartOf\":{\"@id\":\"https:\/\/www.innenausbau-schneider.at\/cms\/#website\"},\"datePublished\":\"2014-10-22T18:10:54+00:00\",\"dateModified\":\"2014-11-10T20:38:57+00:00\",\"breadcrumb\":{\"@id\":\"https:\/\/www.innenausbau-schneider.at\/cms\/?page_id=517#breadcrumb\"},\"inLanguage\":\"de-DE\",\"potentialAction\":[{\"@type\":\"ReadAction\",\"target\":[\"https:\/\/www.innenausbau-schneider.at\/cms\/?page_id=517\"]}]},{\"@type\":\"BreadcrumbList\",\"@id\":\"https:\/\/www.innenausbau-schneider.at\/cms\/?page_id=517#breadcrumb\",\"itemListElement\":[{\"@type\":\"ListItem\",\"position\":1,\"name\":\"Home\",\"item\":\"https:\/\/www.innenausbau-schneider.at\/cms\/\"},{\"@type\":\"ListItem\",\"position\":2,\"name\":\"Leistungen\",\"item\":\"https:\/\/www.innenausbau-schneider.at\/cms\/?page_id=57\"},{\"@type\":\"ListItem\",\"position\":3,\"name\":\"Fu\u00dfb\u00f6den\"}]},{\"@type\":\"WebSite\",\"@id\":\"https:\/\/www.innenausbau-schneider.at\/cms\/#website\",\"url\":\"https:\/\/www.innenausbau-schneider.at\/cms\/\",\"name\":\"Tischlerei Anton Schneider\",\"description\":\"Das Alpbacher K&Atilde;&frac14;chenstudio\",\"potentialAction\":[{\"@type\":\"SearchAction\",\"target\":{\"@type\":\"EntryPoint\",\"urlTemplate\":\"https:\/\/www.innenausbau-schneider.at\/cms\/?s={search_term_string}\"},\"query-input\":\"required name=search_term_string\"}],\"inLanguage\":\"de-DE\"}]}<\/script>\n<!-- \/ Yoast SEO plugin. -->","yoast_head_json":{"title":"Fu\u00dfb\u00f6den | Tischlerei Anton Schneider","robots":{"index":"index","follow":"follow","max-snippet":"max-snippet:-1","max-image-preview":"max-image-preview:large","max-video-preview":"max-video-preview:-1"},"canonical":"https:\/\/www.innenausbau-schneider.at\/cms\/?page_id=517","og_locale":"de_DE","og_type":"article","og_title":"Fu\u00dfb\u00f6den | Tischlerei Anton Schneider","og_description":"Die Basis eines jeden Raumes mit Atmosph\u00e4re &#8211; der Fu\u00dfboden. Besonders empfehlenswert sind Fu\u00dfboden mit Wohnkork. Sie geben dem Raum nicht nur Atmosph\u00e4re, sondern sorgen zudem auch noch f\u00fcr ein gesundes und behagliches Wohnklima. Und dank der Vinyloberfl\u00e4che ist dieser Boden auch noch sehr strapazierf\u00e4hig, in vielen Mustern und Farben erh\u00e4ltlich, langlebig, pflegeleicht, wirkt nat\u00fcrlich [&hellip;]","og_url":"https:\/\/www.innenausbau-schneider.at\/cms\/?page_id=517","og_site_name":"Tischlerei Anton Schneider","article_modified_time":"2014-11-10T20:38:57+00:00","og_image":[{"url":"https:\/\/www.innenausbau-schneider.at\/cms\/wp-content\/uploads\/2014\/10\/boden3-150x150.jpg"}],"twitter_misc":{"Gesch\u00e4tzte Lesezeit":"1 Minute"},"schema":{"@context":"https:\/\/schema.org","@graph":[{"@type":"WebPage","@id":"https:\/\/www.innenausbau-schneider.at\/cms\/?page_id=517","url":"https:\/\/www.innenausbau-schneider.at\/cms\/?page_id=517","name":"Fu\u00dfb\u00f6den | Tischlerei Anton Schneider","isPartOf":{"@id":"https:\/\/www.innenausbau-schneider.at\/cms\/#website"},"datePublished":"2014-10-22T18:10:54+00:00","dateModified":"2014-11-10T20:38:57+00:00","breadcrumb":{"@id":"https:\/\/www.innenausbau-schneider.at\/cms\/?page_id=517#breadcrumb"},"inLanguage":"de-DE","potentialAction":[{"@type":"ReadAction","target":["https:\/\/www.innenausbau-schneider.at\/cms\/?page_id=517"]}]},{"@type":"BreadcrumbList","@id":"https:\/\/www.innenausbau-schneider.at\/cms\/?page_id=517#breadcrumb","itemListElement":[{"@type":"ListItem","position":1,"name":"Home","item":"https:\/\/www.innenausbau-schneider.at\/cms\/"},{"@type":"ListItem","position":2,"name":"Leistungen","item":"https:\/\/www.innenausbau-schneider.at\/cms\/?page_id=57"},{"@type":"ListItem","position":3,"name":"Fu\u00dfb\u00f6den"}]},{"@type":"WebSite","@id":"https:\/\/www.innenausbau-schneider.at\/cms\/#website","url":"https:\/\/www.innenausbau-schneider.at\/cms\/","name":"Tischlerei Anton Schneider","description":"Das Alpbacher K&Atilde;&frac14;chenstudio","potentialAction":[{"@type":"SearchAction","target":{"@type":"EntryPoint","urlTemplate":"https:\/\/www.innenausbau-schneider.at\/cms\/?s={search_term_string}"},"query-input":"required name=search_term_string"}],"inLanguage":"de-DE"}]}},"_links":{"self":[{"href":"http:\/\/www.innenausbau-schneider.at\/cms\/index.php?rest_route=\/wp\/v2\/pages\/517"}],"collection":[{"href":"http:\/\/www.innenausbau-schneider.at\/cms\/index.php?rest_route=\/wp\/v2\/pages"}],"about":[{"href":"http:\/\/www.innenausbau-schneider.at\/cms\/index.php?rest_route=\/wp\/v2\/types\/page"}],"author":[{"embeddable":true,"href":"http:\/\/www.innenausbau-schneider.at\/cms\/index.php?rest_route=\/wp\/v2\/users\/1"}],"replies":[{"embeddable":true,"href":"http:\/\/www.innenausbau-schneider.at\/cms\/index.php?rest_route=%2Fwp%2Fv2%2Fcomments&post=517"}],"version-history":[{"count":10,"href":"http:\/\/www.innenausbau-schneider.at\/cms\/index.php?rest_route=\/wp\/v2\/pages\/517\/revisions"}],"predecessor-version":[{"id":584,"href":"http:\/\/www.innenausbau-schneider.at\/cms\/index.php?rest_route=\/wp\/v2\/pages\/517\/revisions\/584"}],"up":[{"embeddable":true,"href":"http:\/\/www.innenausbau-schneider.at\/cms\/index.php?rest_route=\/wp\/v2\/pages\/57"}],"wp:attachment":[{"href":"http:\/\/www.innenausbau-schneider.at\/cms\/index.php?rest_route=%2Fwp%2Fv2%2Fmedia&parent=517"}],"curies":[{"name":"wp","href":"https:\/\/api.w.org\/{rel}","templated":true}]}}