{"id":65,"date":"2014-10-03T16:25:54","date_gmt":"2014-10-03T14:25:54","guid":{"rendered":"http:\/\/www.innenausbau-schneider.at\/cms\/?page_id=65"},"modified":"2014-11-10T22:37:21","modified_gmt":"2014-11-10T20:37:21","slug":"fenster-tueren","status":"publish","type":"page","link":"http:\/\/www.innenausbau-schneider.at\/cms\/?page_id=65","title":{"rendered":"Fenster"},"content":{"rendered":"<p>Immer neue Anforderungen erschweren es eine passende L\u00f6sung f\u00fcr Fenster in Neubau, Sanierung oder Umbau zu finden. Hierzu findet man heute Ausf\u00fchrungen in reiner Holzvariation vor, aber auch Holz-Alu oder Kunststoff.<\/p>\n<p>Wir informieren Sie gerne \u00fcber die verschiedenen Fenstersysteme und Beschattungsm\u00f6glichkeiten wie Raffstore, Roll\u00e4den, Fensterl\u00e4den uvm.<\/p>\n<p>&nbsp;<\/p>\n<h1>Fenstersysteme<\/h1>\n\n<table id=\"tablepress-4\" class=\"tablepress tablepress-id-4\">\n<tbody>\n<tr class=\"row-1\">\n\t<td class=\"column-1\"><a href=\"http:\/\/www.innenausbau-schneider.at\/cms\/wp-content\/uploads\/2014\/10\/ho78.jpg\"><img loading=\"lazy\" decoding=\"async\" src=\"http:\/\/www.innenausbau-schneider.at\/cms\/wp-content\/uploads\/2014\/10\/ho78-300x266.jpg\" alt=\"\" width=\"300\" height=\"266\" class=\"aligncenter size-medium wp-image-231\" srcset=\"http:\/\/www.innenausbau-schneider.at\/cms\/wp-content\/uploads\/2014\/10\/ho78-300x266.jpg 300w, http:\/\/www.innenausbau-schneider.at\/cms\/wp-content\/uploads\/2014\/10\/ho78-128x114.jpg 128w, http:\/\/www.innenausbau-schneider.at\/cms\/wp-content\/uploads\/2014\/10\/ho78-148x131.jpg 148w, http:\/\/www.innenausbau-schneider.at\/cms\/wp-content\/uploads\/2014\/10\/ho78-31x27.jpg 31w, http:\/\/www.innenausbau-schneider.at\/cms\/wp-content\/uploads\/2014\/10\/ho78-38x33.jpg 38w, http:\/\/www.innenausbau-schneider.at\/cms\/wp-content\/uploads\/2014\/10\/ho78-242x215.jpg 242w, http:\/\/www.innenausbau-schneider.at\/cms\/wp-content\/uploads\/2014\/10\/ho78.jpg 400w\" sizes=\"(max-width: 300px) 100vw, 300px\" \/><\/a><\/td><td class=\"column-2\"><a href=\"http:\/\/www.innenausbau-schneider.at\/cms\/wp-content\/uploads\/2014\/10\/ha78.jpg\"><img loading=\"lazy\" decoding=\"async\" src=\"http:\/\/www.innenausbau-schneider.at\/cms\/wp-content\/uploads\/2014\/10\/ha78-300x266.jpg\" alt=\"\" width=\"300\" height=\"266\" class=\"aligncenter size-medium wp-image-229\" srcset=\"http:\/\/www.innenausbau-schneider.at\/cms\/wp-content\/uploads\/2014\/10\/ha78-300x266.jpg 300w, http:\/\/www.innenausbau-schneider.at\/cms\/wp-content\/uploads\/2014\/10\/ha78-128x114.jpg 128w, http:\/\/www.innenausbau-schneider.at\/cms\/wp-content\/uploads\/2014\/10\/ha78-148x131.jpg 148w, http:\/\/www.innenausbau-schneider.at\/cms\/wp-content\/uploads\/2014\/10\/ha78-31x27.jpg 31w, http:\/\/www.innenausbau-schneider.at\/cms\/wp-content\/uploads\/2014\/10\/ha78-38x33.jpg 38w, http:\/\/www.innenausbau-schneider.at\/cms\/wp-content\/uploads\/2014\/10\/ha78-242x215.jpg 242w, http:\/\/www.innenausbau-schneider.at\/cms\/wp-content\/uploads\/2014\/10\/ha78.jpg 400w\" sizes=\"(max-width: 300px) 100vw, 300px\" \/><\/a><\/td><td class=\"column-3\"><a href=\"http:\/\/www.innenausbau-schneider.at\/cms\/wp-content\/uploads\/2014\/10\/pvc_5000.jpg\"><img loading=\"lazy\" decoding=\"async\" src=\"http:\/\/www.innenausbau-schneider.at\/cms\/wp-content\/uploads\/2014\/10\/pvc_5000-300x266.jpg\" alt=\"\" width=\"300\" height=\"266\" class=\"aligncenter size-medium wp-image-298\" srcset=\"http:\/\/www.innenausbau-schneider.at\/cms\/wp-content\/uploads\/2014\/10\/pvc_5000-300x266.jpg 300w, http:\/\/www.innenausbau-schneider.at\/cms\/wp-content\/uploads\/2014\/10\/pvc_5000-128x114.jpg 128w, http:\/\/www.innenausbau-schneider.at\/cms\/wp-content\/uploads\/2014\/10\/pvc_5000-148x131.jpg 148w, http:\/\/www.innenausbau-schneider.at\/cms\/wp-content\/uploads\/2014\/10\/pvc_5000-31x27.jpg 31w, http:\/\/www.innenausbau-schneider.at\/cms\/wp-content\/uploads\/2014\/10\/pvc_5000-38x33.jpg 38w, http:\/\/www.innenausbau-schneider.at\/cms\/wp-content\/uploads\/2014\/10\/pvc_5000-242x215.jpg 242w, http:\/\/www.innenausbau-schneider.at\/cms\/wp-content\/uploads\/2014\/10\/pvc_5000.jpg 400w\" sizes=\"(max-width: 300px) 100vw, 300px\" \/><\/a><\/td><td class=\"column-4\"><a href=\"http:\/\/www.innenausbau-schneider.at\/cms\/wp-content\/uploads\/2014\/10\/pvc_alu_5000.jpg\"><img loading=\"lazy\" decoding=\"async\" src=\"http:\/\/www.innenausbau-schneider.at\/cms\/wp-content\/uploads\/2014\/10\/pvc_alu_5000-300x266.jpg\" alt=\"\" width=\"300\" height=\"266\" class=\"aligncenter size-medium wp-image-300\" srcset=\"http:\/\/www.innenausbau-schneider.at\/cms\/wp-content\/uploads\/2014\/10\/pvc_alu_5000-300x266.jpg 300w, http:\/\/www.innenausbau-schneider.at\/cms\/wp-content\/uploads\/2014\/10\/pvc_alu_5000-128x114.jpg 128w, http:\/\/www.innenausbau-schneider.at\/cms\/wp-content\/uploads\/2014\/10\/pvc_alu_5000-148x131.jpg 148w, http:\/\/www.innenausbau-schneider.at\/cms\/wp-content\/uploads\/2014\/10\/pvc_alu_5000-31x27.jpg 31w, http:\/\/www.innenausbau-schneider.at\/cms\/wp-content\/uploads\/2014\/10\/pvc_alu_5000-38x33.jpg 38w, http:\/\/www.innenausbau-schneider.at\/cms\/wp-content\/uploads\/2014\/10\/pvc_alu_5000-242x215.jpg 242w, http:\/\/www.innenausbau-schneider.at\/cms\/wp-content\/uploads\/2014\/10\/pvc_alu_5000.jpg 400w\" sizes=\"(max-width: 300px) 100vw, 300px\" \/><\/a><\/td>\n<\/tr>\n<tr class=\"row-2\">\n\t<td class=\"column-1\"><h4>KLASSIKER<\/h4><\/td><td class=\"column-2\"><h4>ALLROUNDER<\/h4><\/td><td class=\"column-3\"><h4>PFLEGELEICHT<\/h4><\/td><td class=\"column-4\"><h4>KOSTENREDUZIERER<\/h4><\/td>\n<\/tr>\n<tr class=\"row-3\">\n\t<td class=\"column-1\"><h4>Holz<\/h4><\/td><td class=\"column-2\"><h4>Holz-Alu<\/h4><\/td><td class=\"column-3\"><h4>Kunststoff<\/h4><\/td><td class=\"column-4\"><h4>Kunststoff-Alu<\/h4><\/td>\n<\/tr>\n<tr class=\"row-4\">\n\t<td class=\"column-1\"><a href=\"http:\/\/www.innenausbau-schneider.at\/cms\/?page_id=273\">mehr Info<\/a><\/td><td class=\"column-2\"><a href=\"http:\/\/www.innenausbau-schneider.at\/cms\/?page_id=273\">mehr Info<\/a><\/td><td class=\"column-3\"><a href=\"http:\/\/www.innenausbau-schneider.at\/cms\/?page_id=275\">mehr Info<\/a><\/td><td class=\"column-4\"><a href=\"http:\/\/www.innenausbau-schneider.at\/cms\/?page_id=275\">mehr Info<\/a><\/td>\n<\/tr>\n<\/tbody>\n<\/table>\n\n<p>&nbsp;<\/p>","protected":false},"excerpt":{"rendered":"<p>Immer neue Anforderungen erschweren es eine passende L\u00f6sung f\u00fcr Fenster in Neubau, Sanierung oder Umbau zu finden. Hierzu findet man heute Ausf\u00fchrungen in reiner Holzvariation vor, aber auch Holz-Alu oder Kunststoff. Wir informieren Sie gerne \u00fcber die verschiedenen Fenstersysteme und Beschattungsm\u00f6glichkeiten wie Raffstore, Roll\u00e4den, Fensterl\u00e4den uvm. &nbsp; Fenstersysteme &nbsp;<\/p>","protected":false},"author":1,"featured_media":0,"parent":57,"menu_order":0,"comment_status":"open","ping_status":"open","template":"home-panels.php","meta":{"footnotes":""},"yoast_head":"<!-- This site is optimized with the Yoast SEO plugin v22.2 - https:\/\/yoast.com\/wordpress\/plugins\/seo\/ -->\n<title>Fenster  | Tischlerei Anton Schneider<\/title>\n<meta name=\"robots\" content=\"index, follow, max-snippet:-1, max-image-preview:large, max-video-preview:-1\" \/>\n<link rel=\"canonical\" href=\"http:\/\/www.innenausbau-schneider.at\/cms\/?page_id=65\" \/>\n<meta property=\"og:locale\" content=\"de_DE\" \/>\n<meta property=\"og:type\" content=\"article\" \/>\n<meta property=\"og:title\" content=\"Fenster  | Tischlerei Anton Schneider\" \/>\n<meta property=\"og:description\" content=\"Immer neue Anforderungen erschweren es eine passende L\u00f6sung f\u00fcr Fenster in Neubau, Sanierung oder Umbau zu finden. Hierzu findet man heute Ausf\u00fchrungen in reiner Holzvariation vor, aber auch Holz-Alu oder Kunststoff. Wir informieren Sie gerne \u00fcber die verschiedenen Fenstersysteme und Beschattungsm\u00f6glichkeiten wie Raffstore, Roll\u00e4den, Fensterl\u00e4den uvm. &nbsp; Fenstersysteme &nbsp;\" \/>\n<meta property=\"og:url\" content=\"http:\/\/www.innenausbau-schneider.at\/cms\/?page_id=65\" \/>\n<meta property=\"og:site_name\" content=\"Tischlerei Anton Schneider\" \/>\n<meta property=\"article:modified_time\" content=\"2014-11-10T20:37:21+00:00\" \/>\n<script type=\"application\/ld+json\" class=\"yoast-schema-graph\">{\"@context\":\"https:\/\/schema.org\",\"@graph\":[{\"@type\":\"WebPage\",\"@id\":\"http:\/\/www.innenausbau-schneider.at\/cms\/?page_id=65\",\"url\":\"http:\/\/www.innenausbau-schneider.at\/cms\/?page_id=65\",\"name\":\"Fenster | Tischlerei Anton Schneider\",\"isPartOf\":{\"@id\":\"https:\/\/www.innenausbau-schneider.at\/cms\/#website\"},\"datePublished\":\"2014-10-03T14:25:54+00:00\",\"dateModified\":\"2014-11-10T20:37:21+00:00\",\"breadcrumb\":{\"@id\":\"http:\/\/www.innenausbau-schneider.at\/cms\/?page_id=65#breadcrumb\"},\"inLanguage\":\"de-DE\",\"potentialAction\":[{\"@type\":\"ReadAction\",\"target\":[\"http:\/\/www.innenausbau-schneider.at\/cms\/?page_id=65\"]}]},{\"@type\":\"BreadcrumbList\",\"@id\":\"http:\/\/www.innenausbau-schneider.at\/cms\/?page_id=65#breadcrumb\",\"itemListElement\":[{\"@type\":\"ListItem\",\"position\":1,\"name\":\"Home\",\"item\":\"https:\/\/www.innenausbau-schneider.at\/cms\/\"},{\"@type\":\"ListItem\",\"position\":2,\"name\":\"Leistungen\",\"item\":\"https:\/\/www.innenausbau-schneider.at\/cms\/?page_id=57\"},{\"@type\":\"ListItem\",\"position\":3,\"name\":\"Fenster\"}]},{\"@type\":\"WebSite\",\"@id\":\"https:\/\/www.innenausbau-schneider.at\/cms\/#website\",\"url\":\"https:\/\/www.innenausbau-schneider.at\/cms\/\",\"name\":\"Tischlerei Anton Schneider\",\"description\":\"Das Alpbacher K&Atilde;&frac14;chenstudio\",\"potentialAction\":[{\"@type\":\"SearchAction\",\"target\":{\"@type\":\"EntryPoint\",\"urlTemplate\":\"https:\/\/www.innenausbau-schneider.at\/cms\/?s={search_term_string}\"},\"query-input\":\"required name=search_term_string\"}],\"inLanguage\":\"de-DE\"}]}<\/script>\n<!-- \/ Yoast SEO plugin. -->","yoast_head_json":{"title":"Fenster  | Tischlerei Anton Schneider","robots":{"index":"index","follow":"follow","max-snippet":"max-snippet:-1","max-image-preview":"max-image-preview:large","max-video-preview":"max-video-preview:-1"},"canonical":"http:\/\/www.innenausbau-schneider.at\/cms\/?page_id=65","og_locale":"de_DE","og_type":"article","og_title":"Fenster  | Tischlerei Anton Schneider","og_description":"Immer neue Anforderungen erschweren es eine passende L\u00f6sung f\u00fcr Fenster in Neubau, Sanierung oder Umbau zu finden. Hierzu findet man heute Ausf\u00fchrungen in reiner Holzvariation vor, aber auch Holz-Alu oder Kunststoff. Wir informieren Sie gerne \u00fcber die verschiedenen Fenstersysteme und Beschattungsm\u00f6glichkeiten wie Raffstore, Roll\u00e4den, Fensterl\u00e4den uvm. &nbsp; Fenstersysteme &nbsp;","og_url":"http:\/\/www.innenausbau-schneider.at\/cms\/?page_id=65","og_site_name":"Tischlerei Anton Schneider","article_modified_time":"2014-11-10T20:37:21+00:00","schema":{"@context":"https:\/\/schema.org","@graph":[{"@type":"WebPage","@id":"http:\/\/www.innenausbau-schneider.at\/cms\/?page_id=65","url":"http:\/\/www.innenausbau-schneider.at\/cms\/?page_id=65","name":"Fenster | Tischlerei Anton Schneider","isPartOf":{"@id":"https:\/\/www.innenausbau-schneider.at\/cms\/#website"},"datePublished":"2014-10-03T14:25:54+00:00","dateModified":"2014-11-10T20:37:21+00:00","breadcrumb":{"@id":"http:\/\/www.innenausbau-schneider.at\/cms\/?page_id=65#breadcrumb"},"inLanguage":"de-DE","potentialAction":[{"@type":"ReadAction","target":["http:\/\/www.innenausbau-schneider.at\/cms\/?page_id=65"]}]},{"@type":"BreadcrumbList","@id":"http:\/\/www.innenausbau-schneider.at\/cms\/?page_id=65#breadcrumb","itemListElement":[{"@type":"ListItem","position":1,"name":"Home","item":"https:\/\/www.innenausbau-schneider.at\/cms\/"},{"@type":"ListItem","position":2,"name":"Leistungen","item":"https:\/\/www.innenausbau-schneider.at\/cms\/?page_id=57"},{"@type":"ListItem","position":3,"name":"Fenster"}]},{"@type":"WebSite","@id":"https:\/\/www.innenausbau-schneider.at\/cms\/#website","url":"https:\/\/www.innenausbau-schneider.at\/cms\/","name":"Tischlerei Anton Schneider","description":"Das Alpbacher K&Atilde;&frac14;chenstudio","potentialAction":[{"@type":"SearchAction","target":{"@type":"EntryPoint","urlTemplate":"https:\/\/www.innenausbau-schneider.at\/cms\/?s={search_term_string}"},"query-input":"required name=search_term_string"}],"inLanguage":"de-DE"}]}},"_links":{"self":[{"href":"http:\/\/www.innenausbau-schneider.at\/cms\/index.php?rest_route=\/wp\/v2\/pages\/65"}],"collection":[{"href":"http:\/\/www.innenausbau-schneider.at\/cms\/index.php?rest_route=\/wp\/v2\/pages"}],"about":[{"href":"http:\/\/www.innenausbau-schneider.at\/cms\/index.php?rest_route=\/wp\/v2\/types\/page"}],"author":[{"embeddable":true,"href":"http:\/\/www.innenausbau-schneider.at\/cms\/index.php?rest_route=\/wp\/v2\/users\/1"}],"replies":[{"embeddable":true,"href":"http:\/\/www.innenausbau-schneider.at\/cms\/index.php?rest_route=%2Fwp%2Fv2%2Fcomments&post=65"}],"version-history":[{"count":12,"href":"http:\/\/www.innenausbau-schneider.at\/cms\/index.php?rest_route=\/wp\/v2\/pages\/65\/revisions"}],"predecessor-version":[{"id":296,"href":"http:\/\/www.innenausbau-schneider.at\/cms\/index.php?rest_route=\/wp\/v2\/pages\/65\/revisions\/296"}],"up":[{"embeddable":true,"href":"http:\/\/www.innenausbau-schneider.at\/cms\/index.php?rest_route=\/wp\/v2\/pages\/57"}],"wp:attachment":[{"href":"http:\/\/www.innenausbau-schneider.at\/cms\/index.php?rest_route=%2Fwp%2Fv2%2Fmedia&parent=65"}],"curies":[{"name":"wp","href":"https:\/\/api.w.org\/{rel}","templated":true}]}}